{"id":4010,"date":"2025-07-27T20:30:30","date_gmt":"2025-07-27T18:30:30","guid":{"rendered":"https:\/\/caeremonialeromanum.com\/?page_id=4010"},"modified":"2025-07-29T10:59:22","modified_gmt":"2025-07-29T08:59:22","slug":"pontificalia-romana-andrieu-dykmans-vogel","status":"publish","type":"page","link":"https:\/\/caeremonialeromanum.com\/en\/pontificalia-romana-andrieu-dykmans-vogel\/","title":{"rendered":"Pontificalia Romana"},"content":{"rendered":"<div class=\"wp-block-image\">\n<figure class=\"aligncenter size-large\"><img fetchpriority=\"high\" decoding=\"async\" width=\"1024\" height=\"456\" src=\"https:\/\/caeremonialeromanum.com\/wp-content\/uploads\/2025\/07\/Pontificalia_Romana_Caeremoniale_Romanum-1024x456.png\" alt=\"\" class=\"wp-image-4082\" srcset=\"https:\/\/caeremonialeromanum.com\/wp-content\/uploads\/2025\/07\/Pontificalia_Romana_Caeremoniale_Romanum-1024x456.png 1024w, https:\/\/caeremonialeromanum.com\/wp-content\/uploads\/2025\/07\/Pontificalia_Romana_Caeremoniale_Romanum-300x134.png 300w, https:\/\/caeremonialeromanum.com\/wp-content\/uploads\/2025\/07\/Pontificalia_Romana_Caeremoniale_Romanum-768x342.png 768w, https:\/\/caeremonialeromanum.com\/wp-content\/uploads\/2025\/07\/Pontificalia_Romana_Caeremoniale_Romanum-1536x685.png 1536w, https:\/\/caeremonialeromanum.com\/wp-content\/uploads\/2025\/07\/Pontificalia_Romana_Caeremoniale_Romanum-2048x913.png 2048w, https:\/\/caeremonialeromanum.com\/wp-content\/uploads\/2025\/07\/Pontificalia_Romana_Caeremoniale_Romanum-18x8.png 18w\" sizes=\"(max-width: 1024px) 100vw, 1024px\" \/><figcaption class=\"wp-element-caption\"><sup>The complete edition of <em>Le Pontifical romain au moyen \u00e2ge<\/em> (<em>Caeremoniale Romanum<\/em>\u2019s Library).<\/sup><\/figcaption><\/figure><\/div>\n\n\n<pre class=\"wp-block-verse\">Presented publications are made available in accordance with the idea of open science and should be used with respect for scientific ethics. All rights belong to their rightful owners. <em>Bonum est diffusivum sui esse! Ut in omnibus Deus glorificetur!<\/em><\/pre>\n\n\n\n<p>The <strong>Pontificale Romanum<\/strong> is a liturgical book of the Catholic Church describing the rites and ceremonies performed by a bishop, such as the ordination of a priest, the consecration of a church and altar, or confirmation. The first pontificals were edited back in the 8th century. They are a compilation and development of the Roman Orders (<em><a href=\"https:\/\/caeremonialeromanum.com\/en\/ordines-romani-andrieu\/\">Ordines Romani<\/a><\/em> usually containing ceremonial rules) and the ancient Sacramentaries (which contained the texts of prayers for the various days and solemnities of the liturgical year).<\/p>\n\n\n\n<p>The first printed edition of the <em>Pontificale Romanum<\/em> was compiled in 1485 by the Masters of Papal Ceremonies, John Burchard and Augustine Piccolomini. This edition was the cornerstone of the <em>editio typica <\/em>edited by order of the Council of Trent and published in 1595(\/1596). This pontifical was revised and supplemented several times (pontificates of Clement VIII, Urban VIII, Benedict XIV, Leo XIII and John XXIII).<\/p>\n\n\n\n<p>We present critical studies of the Roman Pontificals preceding the first typical edition made by the great liturgists and historians of the 20th century, Michel Andrieu, Marc Dykmans, Cyrille Vogel and Reinhard Elze. All of these studies have been published as part of the prestigious Vatican academic series &#8222;Studi e testi&#8221;. They are invaluable sources of knowledge about the history and development of the Roman liturgy.<\/p>\n\n\n<div class=\"wp-block-image\">\n<figure class=\"aligncenter size-medium\"><img decoding=\"async\" width=\"300\" height=\"93\" src=\"https:\/\/caeremonialeromanum.com\/wp-content\/uploads\/2025\/03\/diaria_caeremonialia_gattico_graphic-300x93.jpeg\" alt=\"\" class=\"wp-image-2340\" srcset=\"https:\/\/caeremonialeromanum.com\/wp-content\/uploads\/2025\/03\/diaria_caeremonialia_gattico_graphic-300x93.jpeg 300w, https:\/\/caeremonialeromanum.com\/wp-content\/uploads\/2025\/03\/diaria_caeremonialia_gattico_graphic-1024x318.jpeg 1024w, https:\/\/caeremonialeromanum.com\/wp-content\/uploads\/2025\/03\/diaria_caeremonialia_gattico_graphic-768x239.jpeg 768w, https:\/\/caeremonialeromanum.com\/wp-content\/uploads\/2025\/03\/diaria_caeremonialia_gattico_graphic-1536x478.jpeg 1536w, https:\/\/caeremonialeromanum.com\/wp-content\/uploads\/2025\/03\/diaria_caeremonialia_gattico_graphic-2048x637.jpeg 2048w, https:\/\/caeremonialeromanum.com\/wp-content\/uploads\/2025\/03\/diaria_caeremonialia_gattico_graphic-18x6.jpeg 18w\" sizes=\"(max-width: 300px) 100vw, 300px\" \/><\/figure><\/div>\n\n\n<p class=\"has-text-align-center has-medium-font-size\"><strong>ROMAN-GERMANIC PONTIFICAL FROM THE X CENTURY<\/strong><\/p>\n\n\n\n<figure class=\"wp-block-table is-style-stripes\"><table><tbody><tr><td class=\"has-text-align-center\" data-align=\"center\"><a href=\"https:\/\/caeremonialeromanum.com\/wp-content\/uploads\/2025\/07\/Pontificale-Romanum-Vogel-1.pdf\"><img decoding=\"async\" width=\"250\" height=\"351\" class=\"wp-image-4033\" style=\"width: 250px;\" src=\"https:\/\/caeremonialeromanum.com\/wp-content\/uploads\/2025\/07\/Pontificale-Romanum-Vogel-1.png\" alt=\"\" srcset=\"https:\/\/caeremonialeromanum.com\/wp-content\/uploads\/2025\/07\/Pontificale-Romanum-Vogel-1.png 782w, https:\/\/caeremonialeromanum.com\/wp-content\/uploads\/2025\/07\/Pontificale-Romanum-Vogel-1-213x300.png 213w, https:\/\/caeremonialeromanum.com\/wp-content\/uploads\/2025\/07\/Pontificale-Romanum-Vogel-1-729x1024.png 729w, https:\/\/caeremonialeromanum.com\/wp-content\/uploads\/2025\/07\/Pontificale-Romanum-Vogel-1-768x1079.png 768w, https:\/\/caeremonialeromanum.com\/wp-content\/uploads\/2025\/07\/Pontificale-Romanum-Vogel-1-9x12.png 9w\" sizes=\"(max-width: 250px) 100vw, 250px\" \/><\/a><\/td><td class=\"has-text-align-center\" data-align=\"center\"><a href=\"https:\/\/caeremonialeromanum.com\/wp-content\/uploads\/2025\/07\/Pontificale-Romanum-Vogel-2.pdf\"><img loading=\"lazy\" decoding=\"async\" width=\"250\" height=\"352\" class=\"wp-image-4034\" style=\"width: 250px;\" src=\"https:\/\/caeremonialeromanum.com\/wp-content\/uploads\/2025\/07\/Pontificale-Romanum-Vogel-2.png\" alt=\"\" srcset=\"https:\/\/caeremonialeromanum.com\/wp-content\/uploads\/2025\/07\/Pontificale-Romanum-Vogel-2.png 782w, https:\/\/caeremonialeromanum.com\/wp-content\/uploads\/2025\/07\/Pontificale-Romanum-Vogel-2-213x300.png 213w, https:\/\/caeremonialeromanum.com\/wp-content\/uploads\/2025\/07\/Pontificale-Romanum-Vogel-2-728x1024.png 728w, https:\/\/caeremonialeromanum.com\/wp-content\/uploads\/2025\/07\/Pontificale-Romanum-Vogel-2-768x1080.png 768w, https:\/\/caeremonialeromanum.com\/wp-content\/uploads\/2025\/07\/Pontificale-Romanum-Vogel-2-9x12.png 9w\" sizes=\"(max-width: 250px) 100vw, 250px\" \/><\/a><\/td><td class=\"has-text-align-center\" data-align=\"center\"><a href=\"https:\/\/caeremonialeromanum.com\/wp-content\/uploads\/2025\/07\/Pontificale-Romanum-Vogel-3.pdf\" target=\"_blank\" rel=\"noreferrer noopener\"><img loading=\"lazy\" decoding=\"async\" width=\"250\" height=\"352\" class=\"wp-image-4035\" style=\"width: 250px;\" src=\"https:\/\/caeremonialeromanum.com\/wp-content\/uploads\/2025\/07\/Pontificale-Romanum-Vogel-3.png\" alt=\"\" srcset=\"https:\/\/caeremonialeromanum.com\/wp-content\/uploads\/2025\/07\/Pontificale-Romanum-Vogel-3.png 782w, https:\/\/caeremonialeromanum.com\/wp-content\/uploads\/2025\/07\/Pontificale-Romanum-Vogel-3-213x300.png 213w, https:\/\/caeremonialeromanum.com\/wp-content\/uploads\/2025\/07\/Pontificale-Romanum-Vogel-3-728x1024.png 728w, https:\/\/caeremonialeromanum.com\/wp-content\/uploads\/2025\/07\/Pontificale-Romanum-Vogel-3-768x1080.png 768w, https:\/\/caeremonialeromanum.com\/wp-content\/uploads\/2025\/07\/Pontificale-Romanum-Vogel-3-9x12.png 9w\" sizes=\"(max-width: 250px) 100vw, 250px\" \/><\/a><\/td><\/tr><tr><td class=\"has-text-align-center\" data-align=\"center\"><strong><a href=\"https:\/\/caeremonialeromanum.com\/wp-content\/uploads\/2025\/07\/Pontificale-Romanum-Vogel-1.pdf\">DOWNLOAD PDF (volume I)<\/a><\/strong><\/td><td class=\"has-text-align-center\" data-align=\"center\"><strong><a href=\"https:\/\/caeremonialeromanum.com\/wp-content\/uploads\/2025\/07\/Pontificale-Romanum-Vogel-2.pdf\">DOWNLOAD PDF (volume II)<\/a><\/strong><\/td><td class=\"has-text-align-center\" data-align=\"center\"><strong><a href=\"https:\/\/caeremonialeromanum.com\/wp-content\/uploads\/2025\/07\/Pontificale-Romanum-Vogel-3.pdf\" target=\"_blank\" rel=\"noreferrer noopener\">DOWNLOAD PDF (volume III)<\/a><\/strong><\/td><\/tr><\/tbody><\/table><figcaption class=\"wp-element-caption\"><br><sup>Cyrille Vogel, Reinhard Elze (ed.), <em>Le Pontifical romano-germanique du dixi\u00e8me si\u00e8cle<\/em>, 3 vols., &#8222;Studi e testi&#8221; 226 (<em>Le texte I<\/em>), 227 (<em>Le texte II<\/em>), 269 (<em>Introduction g\u00e9n\u00e9rale<\/em> <em>et Tables<\/em>), Citt\u00e0 del Vaticano \u2013 Biblioteca Apostolica Vaticana, 1963\/1972.<\/sup><\/figcaption><\/figure>\n\n\n<div class=\"wp-block-image\">\n<figure class=\"aligncenter size-medium\"><img decoding=\"async\" width=\"300\" height=\"93\" src=\"https:\/\/caeremonialeromanum.com\/wp-content\/uploads\/2025\/03\/diaria_caeremonialia_gattico_graphic-300x93.jpeg\" alt=\"\" class=\"wp-image-2340\" srcset=\"https:\/\/caeremonialeromanum.com\/wp-content\/uploads\/2025\/03\/diaria_caeremonialia_gattico_graphic-300x93.jpeg 300w, https:\/\/caeremonialeromanum.com\/wp-content\/uploads\/2025\/03\/diaria_caeremonialia_gattico_graphic-1024x318.jpeg 1024w, https:\/\/caeremonialeromanum.com\/wp-content\/uploads\/2025\/03\/diaria_caeremonialia_gattico_graphic-768x239.jpeg 768w, https:\/\/caeremonialeromanum.com\/wp-content\/uploads\/2025\/03\/diaria_caeremonialia_gattico_graphic-1536x478.jpeg 1536w, https:\/\/caeremonialeromanum.com\/wp-content\/uploads\/2025\/03\/diaria_caeremonialia_gattico_graphic-2048x637.jpeg 2048w, https:\/\/caeremonialeromanum.com\/wp-content\/uploads\/2025\/03\/diaria_caeremonialia_gattico_graphic-18x6.jpeg 18w\" sizes=\"(max-width: 300px) 100vw, 300px\" \/><\/figure><\/div>\n\n\n<p class=\"has-text-align-center has-medium-font-size\"><strong>ROMAN PONTIFICAL IN THE MIDDLE AGES<\/strong><\/p>\n\n\n\n<figure class=\"wp-block-table is-style-stripes\"><table><tbody><tr><td class=\"has-text-align-center\" data-align=\"center\"><a href=\"https:\/\/caeremonialeromanum.com\/wp-content\/uploads\/2025\/07\/Pontificale-Romanum-Andrieu-1.pdf\" target=\"_blank\" rel=\"noreferrer noopener\"><img loading=\"lazy\" decoding=\"async\" width=\"250\" height=\"350\" class=\"wp-image-4045\" style=\"width: 250px;\" src=\"https:\/\/caeremonialeromanum.com\/wp-content\/uploads\/2025\/07\/Pontificale-Romanum-Andrieu-1.png\" alt=\"\" srcset=\"https:\/\/caeremonialeromanum.com\/wp-content\/uploads\/2025\/07\/Pontificale-Romanum-Andrieu-1.png 775w, https:\/\/caeremonialeromanum.com\/wp-content\/uploads\/2025\/07\/Pontificale-Romanum-Andrieu-1-214x300.png 214w, https:\/\/caeremonialeromanum.com\/wp-content\/uploads\/2025\/07\/Pontificale-Romanum-Andrieu-1-732x1024.png 732w, https:\/\/caeremonialeromanum.com\/wp-content\/uploads\/2025\/07\/Pontificale-Romanum-Andrieu-1-768x1074.png 768w, https:\/\/caeremonialeromanum.com\/wp-content\/uploads\/2025\/07\/Pontificale-Romanum-Andrieu-1-9x12.png 9w\" sizes=\"(max-width: 250px) 100vw, 250px\" \/><\/a><\/td><td class=\"has-text-align-center\" data-align=\"center\"><a href=\"https:\/\/caeremonialeromanum.com\/wp-content\/uploads\/2025\/07\/Pontificale-Romanum-Andrieu-2.pdf\" target=\"_blank\" rel=\"noreferrer noopener\"><img loading=\"lazy\" decoding=\"async\" width=\"250\" height=\"356\" class=\"wp-image-4046\" style=\"width: 250px;\" src=\"https:\/\/caeremonialeromanum.com\/wp-content\/uploads\/2025\/07\/Pontificale-Romanum-Andrieu-2.png\" alt=\"\" srcset=\"https:\/\/caeremonialeromanum.com\/wp-content\/uploads\/2025\/07\/Pontificale-Romanum-Andrieu-2.png 761w, https:\/\/caeremonialeromanum.com\/wp-content\/uploads\/2025\/07\/Pontificale-Romanum-Andrieu-2-211x300.png 211w, https:\/\/caeremonialeromanum.com\/wp-content\/uploads\/2025\/07\/Pontificale-Romanum-Andrieu-2-720x1024.png 720w, https:\/\/caeremonialeromanum.com\/wp-content\/uploads\/2025\/07\/Pontificale-Romanum-Andrieu-2-8x12.png 8w\" sizes=\"(max-width: 250px) 100vw, 250px\" \/><\/a><\/td><\/tr><tr><td class=\"has-text-align-center\" data-align=\"center\"><strong><a href=\"https:\/\/caeremonialeromanum.com\/wp-content\/uploads\/2025\/07\/Pontificale-Romanum-Andrieu-1.pdf\" target=\"_blank\" rel=\"noreferrer noopener\">DOWNLOAD PDF (volume I)<\/a><\/strong><\/td><td class=\"has-text-align-center\" data-align=\"center\"><strong><a href=\"https:\/\/caeremonialeromanum.com\/wp-content\/uploads\/2025\/07\/Pontificale-Romanum-Andrieu-2.pdf\" target=\"_blank\" rel=\"noreferrer noopener\">DOWNLOAD PDF (volume II)<\/a><\/strong><\/td><\/tr><tr><td class=\"has-text-align-center\" data-align=\"center\"><a href=\"https:\/\/caeremonialeromanum.com\/wp-content\/uploads\/2025\/07\/Pontificale-Romanum-Andrieu-3.pdf\" target=\"_blank\" rel=\"noreferrer noopener\"><img loading=\"lazy\" decoding=\"async\" width=\"250\" height=\"356\" class=\"wp-image-4047\" style=\"width: 250px;\" src=\"https:\/\/caeremonialeromanum.com\/wp-content\/uploads\/2025\/07\/Pontificale-Romanum-Andrieu-3.png\" alt=\"\" srcset=\"https:\/\/caeremonialeromanum.com\/wp-content\/uploads\/2025\/07\/Pontificale-Romanum-Andrieu-3.png 762w, https:\/\/caeremonialeromanum.com\/wp-content\/uploads\/2025\/07\/Pontificale-Romanum-Andrieu-3-211x300.png 211w, https:\/\/caeremonialeromanum.com\/wp-content\/uploads\/2025\/07\/Pontificale-Romanum-Andrieu-3-720x1024.png 720w, https:\/\/caeremonialeromanum.com\/wp-content\/uploads\/2025\/07\/Pontificale-Romanum-Andrieu-3-8x12.png 8w\" sizes=\"(max-width: 250px) 100vw, 250px\" \/><\/a><\/td><td class=\"has-text-align-center\" data-align=\"center\"><a href=\"https:\/\/caeremonialeromanum.com\/wp-content\/uploads\/2025\/07\/Pontificale-Romanum-Andrieu-4.pdf\" target=\"_blank\" rel=\"noreferrer noopener\"><img loading=\"lazy\" decoding=\"async\" width=\"250\" height=\"350\" class=\"wp-image-4048\" style=\"width: 250px;\" src=\"https:\/\/caeremonialeromanum.com\/wp-content\/uploads\/2025\/07\/Pontificale-Romanum-Andrieu-4.png\" alt=\"\" srcset=\"https:\/\/caeremonialeromanum.com\/wp-content\/uploads\/2025\/07\/Pontificale-Romanum-Andrieu-4.png 775w, https:\/\/caeremonialeromanum.com\/wp-content\/uploads\/2025\/07\/Pontificale-Romanum-Andrieu-4-214x300.png 214w, https:\/\/caeremonialeromanum.com\/wp-content\/uploads\/2025\/07\/Pontificale-Romanum-Andrieu-4-732x1024.png 732w, https:\/\/caeremonialeromanum.com\/wp-content\/uploads\/2025\/07\/Pontificale-Romanum-Andrieu-4-768x1074.png 768w, https:\/\/caeremonialeromanum.com\/wp-content\/uploads\/2025\/07\/Pontificale-Romanum-Andrieu-4-9x12.png 9w\" sizes=\"(max-width: 250px) 100vw, 250px\" \/><\/a><\/td><\/tr><tr><td class=\"has-text-align-center\" data-align=\"center\"><strong><a href=\"https:\/\/caeremonialeromanum.com\/wp-content\/uploads\/2025\/07\/Pontificale-Romanum-Andrieu-3.pdf\" target=\"_blank\" rel=\"noreferrer noopener\">DOWNLOAD PDF (volume III)<\/a><\/strong><\/td><td class=\"has-text-align-center\" data-align=\"center\"><strong><a href=\"https:\/\/caeremonialeromanum.com\/wp-content\/uploads\/2025\/07\/Pontificale-Romanum-Andrieu-4.pdf\" target=\"_blank\" rel=\"noreferrer noopener\">DOWNLOAD PDF (volume IV)<\/a><\/strong><\/td><\/tr><\/tbody><\/table><figcaption class=\"wp-element-caption\"><br><sup>Michel Andrieu, <em>Le Pontifical romain au moyen \u00e2ge<\/em>, vol. I: <em>Le Pontifical romain au XIIe si\u00e8cle<\/em> (&#8222;Studi e testi&#8221; 86), vol. II: <em>Le Pontifical de la Curie Romaine au XIIIe si\u00e8cles<\/em> (&#8222;Studi e testi&#8221; 87), vol. III: <em>Le Pontifical de Guillaume Durand<\/em> (&#8222;Studi e Testi&#8221; 88), vol. IV: <em>Tables alphab\u00e9tiques<\/em> (&#8222;Studi e testi&#8221; 99), Citt\u00e0 del Vaticano \u2013 Biblioteca Apostolica Vaticana, 1938\/1940\/1941.<\/sup><\/figcaption><\/figure>\n\n\n<div class=\"wp-block-image\">\n<figure class=\"aligncenter size-medium\"><img decoding=\"async\" width=\"300\" height=\"93\" src=\"https:\/\/caeremonialeromanum.com\/wp-content\/uploads\/2025\/03\/diaria_caeremonialia_gattico_graphic-300x93.jpeg\" alt=\"\" class=\"wp-image-2340\" srcset=\"https:\/\/caeremonialeromanum.com\/wp-content\/uploads\/2025\/03\/diaria_caeremonialia_gattico_graphic-300x93.jpeg 300w, https:\/\/caeremonialeromanum.com\/wp-content\/uploads\/2025\/03\/diaria_caeremonialia_gattico_graphic-1024x318.jpeg 1024w, https:\/\/caeremonialeromanum.com\/wp-content\/uploads\/2025\/03\/diaria_caeremonialia_gattico_graphic-768x239.jpeg 768w, https:\/\/caeremonialeromanum.com\/wp-content\/uploads\/2025\/03\/diaria_caeremonialia_gattico_graphic-1536x478.jpeg 1536w, https:\/\/caeremonialeromanum.com\/wp-content\/uploads\/2025\/03\/diaria_caeremonialia_gattico_graphic-2048x637.jpeg 2048w, https:\/\/caeremonialeromanum.com\/wp-content\/uploads\/2025\/03\/diaria_caeremonialia_gattico_graphic-18x6.jpeg 18w\" sizes=\"(max-width: 300px) 100vw, 300px\" \/><\/figure><\/div>\n\n\n<p class=\"has-text-align-center has-medium-font-size\"><strong>REVISED ROMAN PONTIFICAL FROM THE XV CENTURY<\/strong><\/p>\n\n\n\n<figure class=\"wp-block-table is-style-stripes\"><table><tbody><tr><td class=\"has-text-align-center\" data-align=\"center\"><a href=\"https:\/\/caeremonialeromanum.com\/wp-content\/uploads\/2025\/07\/Pontificale-Romanum-Dykmans.pdf\"><img loading=\"lazy\" decoding=\"async\" width=\"250\" height=\"310\" class=\"wp-image-4060\" style=\"width: 250px;\" src=\"https:\/\/caeremonialeromanum.com\/wp-content\/uploads\/2025\/07\/Pontificale-Romanum-Dykmans-1.png\" alt=\"\" srcset=\"https:\/\/caeremonialeromanum.com\/wp-content\/uploads\/2025\/07\/Pontificale-Romanum-Dykmans-1.png 940w, https:\/\/caeremonialeromanum.com\/wp-content\/uploads\/2025\/07\/Pontificale-Romanum-Dykmans-1-242x300.png 242w, https:\/\/caeremonialeromanum.com\/wp-content\/uploads\/2025\/07\/Pontificale-Romanum-Dykmans-1-826x1024.png 826w, https:\/\/caeremonialeromanum.com\/wp-content\/uploads\/2025\/07\/Pontificale-Romanum-Dykmans-1-768x953.png 768w, https:\/\/caeremonialeromanum.com\/wp-content\/uploads\/2025\/07\/Pontificale-Romanum-Dykmans-1-10x12.png 10w\" sizes=\"(max-width: 250px) 100vw, 250px\" \/><\/a><a href=\"https:\/\/caeremonialeromanum.com\/wp-content\/uploads\/2025\/07\/Pontificale-Romanum-Dykmans.pdf\" target=\"_blank\" rel=\"noreferrer noopener\"><img loading=\"lazy\" decoding=\"async\" width=\"250\" height=\"310\" class=\"wp-image-4061\" style=\"width: 250px;\" src=\"https:\/\/caeremonialeromanum.com\/wp-content\/uploads\/2025\/07\/Pontificale-Romanum-Dykmans-2.png\" alt=\"\" srcset=\"https:\/\/caeremonialeromanum.com\/wp-content\/uploads\/2025\/07\/Pontificale-Romanum-Dykmans-2.png 940w, https:\/\/caeremonialeromanum.com\/wp-content\/uploads\/2025\/07\/Pontificale-Romanum-Dykmans-2-242x300.png 242w, https:\/\/caeremonialeromanum.com\/wp-content\/uploads\/2025\/07\/Pontificale-Romanum-Dykmans-2-826x1024.png 826w, https:\/\/caeremonialeromanum.com\/wp-content\/uploads\/2025\/07\/Pontificale-Romanum-Dykmans-2-768x953.png 768w, https:\/\/caeremonialeromanum.com\/wp-content\/uploads\/2025\/07\/Pontificale-Romanum-Dykmans-2-10x12.png 10w\" sizes=\"(max-width: 250px) 100vw, 250px\" \/><\/a><\/td><\/tr><tr><td class=\"has-text-align-center\" data-align=\"center\"><strong><a href=\"https:\/\/caeremonialeromanum.com\/wp-content\/uploads\/2025\/07\/Pontificale-Romanum-Dykmans.pdf\" target=\"_blank\" rel=\"noreferrer noopener\">DOWNLOAD PDF (single volume)<\/a><\/strong><\/td><\/tr><\/tbody><\/table><figcaption class=\"wp-element-caption\"><br><sup>Marc Dykmans, <em>Le pontifical romain r\u00e9vis\u00e9 au XVe si\u00e8cle<\/em>, &#8222;Studi e testi&#8221; 311, Citt\u00e0 del Vaticano \u2013 Biblioteca Apostolica Vaticana, 1985. <\/sup><\/figcaption><\/figure>\n\n\n<div class=\"wp-block-image\">\n<figure class=\"aligncenter size-medium\"><img decoding=\"async\" width=\"300\" height=\"93\" src=\"https:\/\/caeremonialeromanum.com\/wp-content\/uploads\/2025\/03\/diaria_caeremonialia_gattico_graphic-300x93.jpeg\" alt=\"\" class=\"wp-image-2340\" srcset=\"https:\/\/caeremonialeromanum.com\/wp-content\/uploads\/2025\/03\/diaria_caeremonialia_gattico_graphic-300x93.jpeg 300w, https:\/\/caeremonialeromanum.com\/wp-content\/uploads\/2025\/03\/diaria_caeremonialia_gattico_graphic-1024x318.jpeg 1024w, https:\/\/caeremonialeromanum.com\/wp-content\/uploads\/2025\/03\/diaria_caeremonialia_gattico_graphic-768x239.jpeg 768w, https:\/\/caeremonialeromanum.com\/wp-content\/uploads\/2025\/03\/diaria_caeremonialia_gattico_graphic-1536x478.jpeg 1536w, https:\/\/caeremonialeromanum.com\/wp-content\/uploads\/2025\/03\/diaria_caeremonialia_gattico_graphic-2048x637.jpeg 2048w, https:\/\/caeremonialeromanum.com\/wp-content\/uploads\/2025\/03\/diaria_caeremonialia_gattico_graphic-18x6.jpeg 18w\" sizes=\"(max-width: 300px) 100vw, 300px\" \/><\/figure><\/div>\n\n\n<p class=\"has-medium-font-size\"><strong>RECOMMENDED READINGS<\/strong><\/p>\n\n\n\n<ol class=\"wp-block-list\">\n<li>Josephus Catalanus, <em><strong><a href=\"https:\/\/sklep.caeremonialeromanum.com\/produkt\/giuseppe-catalani-joseph-catalano-pontificale-romanum-prolegomenis-et-commentariis-illustratum-1874-1876\/\" target=\"_blank\" rel=\"noreferrer noopener\">Pontificale Romanum (\u2026) prolegomenis et commentariis illustratum<\/a><\/strong><\/em>, 3 vols., Romae 1738-1740.<\/li>\n\n\n\n<li>Manlio Sodi, Achille Maria Triacca (ed), <em><strong><a href=\"https:\/\/www.persee.fr\/doc\/thlou_0080-2654_2000_num_31_2_3081_t1_0295_0000_2\" target=\"_blank\" rel=\"noreferrer noopener\">Pontificale Romanum. Editio princeps (1595-1596)<\/a><\/strong><\/em>, &#8222;Monumenta Liturgica Concilii Tridentini&#8221; 1, Citt\u00e0 del Vaticano 1997.<\/li>\n\n\n\n<li>Niels Krogh Rasmussen, Marcel Haverals, <em><strong><a href=\"https:\/\/search.worldcat.org\/es\/title\/pontificaux-du-haut-moyen-age-genese-du-livre-de-leveque\/oclc\/40789941\" target=\"_blank\" rel=\"noreferrer noopener\">Les pontificaux du haut Moyen \u00c2ge. Gen\u00e8se du livre de l&#8217;\u00e9v\u00eaque<\/a><\/strong><\/em>, &#8222;Spicilegium Sacrum Lovaniense&#8221; 49, Louvain 1998.<\/li>\n\n\n\n<li>\u00c9ric Palazzo, <strong><em><a href=\"https:\/\/www.persee.fr\/doc\/bulmo_0007-473x_2001_num_159_4_1086_t1_0366_0000_2\" target=\"_blank\" rel=\"noreferrer noopener\">L&#8217;\u00e9v\u00eaque et son image. L 'illustration du pontifical au Moyen \u00c2ge<\/a><\/em><\/strong>, Turnhout 1999.<\/li>\n\n\n\n<li>Manlio Sodi, <em><strong><a href=\"https:\/\/www.nrt.be\/es\/recensiones\/pontificalis-liber-il-di-agostino-patrizi-piccolomini-e-giovanni-burcardo-1485-7445\" target=\"_blank\" rel=\"noreferrer noopener\">Il \u00abPontificalis liber\u00bb di Agostino Patrizi Piccolomini e Giovanni Burcardo<\/a><\/strong><\/em>, Citt\u00e0 del Vaticano 2006.<\/li>\n\n\n\n<li>Richard Kay, <em><strong><a href=\"https:\/\/kuscholarworks.ku.edu\/entities\/publication\/e9356af3-e6c2-4c06-8ef3-05b336b9435e\" target=\"_blank\" rel=\"noreferrer noopener\">Pontificalia: A Repertory of Latin Manuscript Pontificals and Benedictionals<\/a><\/strong><\/em>, Lawrence KS 2009.<\/li>\n<\/ol>","protected":false},"excerpt":{"rendered":"<p>Presented publications are made available in accordance with the idea of open science and should be used with respect for scientific ethics. All rights belong to their rightful owners. Bonum est diffusivum sui esse! Ut in omnibus Deus glorificetur! The Pontificale Romanum is a liturgical book of the Catholic Church describing the rites and ceremonies [&hellip;]<\/p>","protected":false},"author":2,"featured_media":0,"parent":0,"menu_order":0,"comment_status":"closed","ping_status":"closed","template":"","meta":{"footnotes":""},"class_list":["post-4010","page","type-page","status-publish","czr-hentry"],"_links":{"self":[{"href":"https:\/\/caeremonialeromanum.com\/en\/wp-json\/wp\/v2\/pages\/4010","targetHints":{"allow":["GET"]}}],"collection":[{"href":"https:\/\/caeremonialeromanum.com\/en\/wp-json\/wp\/v2\/pages"}],"about":[{"href":"https:\/\/caeremonialeromanum.com\/en\/wp-json\/wp\/v2\/types\/page"}],"author":[{"embeddable":true,"href":"https:\/\/caeremonialeromanum.com\/en\/wp-json\/wp\/v2\/users\/2"}],"replies":[{"embeddable":true,"href":"https:\/\/caeremonialeromanum.com\/en\/wp-json\/wp\/v2\/comments?post=4010"}],"version-history":[{"count":0,"href":"https:\/\/caeremonialeromanum.com\/en\/wp-json\/wp\/v2\/pages\/4010\/revisions"}],"wp:attachment":[{"href":"https:\/\/caeremonialeromanum.com\/en\/wp-json\/wp\/v2\/media?parent=4010"}],"curies":[{"name":"wp","href":"https:\/\/api.w.org\/{rel}","templated":true}]}}