{"id":3708,"date":"2025-06-20T21:28:01","date_gmt":"2025-06-20T19:28:01","guid":{"rendered":"https:\/\/caeremonialeromanum.com\/?page_id=3708"},"modified":"2025-06-20T21:48:02","modified_gmt":"2025-06-20T19:48:02","slug":"caeremoniale-sanctae-romanae-ecclesiae-1516","status":"publish","type":"page","link":"https:\/\/caeremonialeromanum.com\/en\/caeremoniale-sanctae-romanae-ecclesiae-1516\/","title":{"rendered":"C\u00e6remoniale Sanct\u00e6 Roman\u00e6 Ecclesi\u00e6 [1516]"},"content":{"rendered":"<div class=\"wp-block-image\">\n<figure class=\"aligncenter size-large is-resized\"><img fetchpriority=\"high\" decoding=\"async\" width=\"1024\" height=\"683\" src=\"https:\/\/caeremonialeromanum.com\/wp-content\/uploads\/2025\/06\/Caeremoniale-SRE-1-1024x683.jpg\" alt=\"\" class=\"wp-image-3718\" style=\"width:768px;height:auto\" srcset=\"https:\/\/caeremonialeromanum.com\/wp-content\/uploads\/2025\/06\/Caeremoniale-SRE-1-1024x683.jpg 1024w, https:\/\/caeremonialeromanum.com\/wp-content\/uploads\/2025\/06\/Caeremoniale-SRE-1-300x200.jpg 300w, https:\/\/caeremonialeromanum.com\/wp-content\/uploads\/2025\/06\/Caeremoniale-SRE-1-768x512.jpg 768w, https:\/\/caeremonialeromanum.com\/wp-content\/uploads\/2025\/06\/Caeremoniale-SRE-1-1536x1024.jpg 1536w, https:\/\/caeremonialeromanum.com\/wp-content\/uploads\/2025\/06\/Caeremoniale-SRE-1-2048x1365.jpg 2048w, https:\/\/caeremonialeromanum.com\/wp-content\/uploads\/2025\/06\/Caeremoniale-SRE-1-18x12.jpg 18w\" sizes=\"(max-width: 1024px) 100vw, 1024px\" \/><figcaption class=\"wp-element-caption\"><sup>CR collection.<\/sup><\/figcaption><\/figure><\/div>\n\n\n<figure class=\"wp-block-gallery aligncenter has-nested-images columns-default is-cropped wp-block-gallery-1 is-layout-flex wp-block-gallery-is-layout-flex\">\n<figure class=\"wp-block-image size-large\"><img decoding=\"async\" data-id=\"3732\" src=\"https:\/\/caeremonialeromanum.com\/wp-content\/uploads\/2025\/06\/Caeremoniale-SRE-9.jpg\" alt=\"\" class=\"wp-image-3732\"\/><\/figure>\n\n\n\n<figure class=\"wp-block-image size-large\"><img decoding=\"async\" data-id=\"3733\" src=\"https:\/\/caeremonialeromanum.com\/wp-content\/uploads\/2025\/06\/Caeremoniale-SRE-18.jpg\" alt=\"\" class=\"wp-image-3733\"\/><\/figure>\n\n\n\n<figure class=\"wp-block-image size-large\"><img decoding=\"async\" data-id=\"3729\" src=\"https:\/\/caeremonialeromanum.com\/wp-content\/uploads\/2025\/06\/Caeremoniale-SRE-3.jpg\" alt=\"\" class=\"wp-image-3729\"\/><\/figure>\n\n\n\n<figure class=\"wp-block-image size-large\"><img decoding=\"async\" width=\"1707\" height=\"2560\" data-id=\"3724\" src=\"https:\/\/caeremonialeromanum.com\/wp-content\/uploads\/2025\/06\/Caeremoniale-SRE-20-scaled.jpg\" alt=\"\" class=\"wp-image-3724\" srcset=\"https:\/\/caeremonialeromanum.com\/wp-content\/uploads\/2025\/06\/Caeremoniale-SRE-20-scaled.jpg 1707w, https:\/\/caeremonialeromanum.com\/wp-content\/uploads\/2025\/06\/Caeremoniale-SRE-20-200x300.jpg 200w\" sizes=\"(max-width: 1707px) 100vw, 1707px\" \/><\/figure>\n\n\n\n<figure class=\"wp-block-image size-large\"><img decoding=\"async\" data-id=\"3727\" src=\"https:\/\/caeremonialeromanum.com\/wp-content\/uploads\/2025\/06\/Caeremoniale-SRE-24.jpg\" alt=\"\" class=\"wp-image-3727\"\/><\/figure>\n\n\n\n<figure class=\"wp-block-image size-large\"><img decoding=\"async\" width=\"683\" height=\"1024\" data-id=\"3726\" src=\"https:\/\/caeremonialeromanum.com\/wp-content\/uploads\/2025\/06\/Caeremoniale-SRE-13-683x1024.jpg\" alt=\"\" class=\"wp-image-3726\" srcset=\"https:\/\/caeremonialeromanum.com\/wp-content\/uploads\/2025\/06\/Caeremoniale-SRE-13-683x1024.jpg 683w, https:\/\/caeremonialeromanum.com\/wp-content\/uploads\/2025\/06\/Caeremoniale-SRE-13-200x300.jpg 200w, https:\/\/caeremonialeromanum.com\/wp-content\/uploads\/2025\/06\/Caeremoniale-SRE-13-scaled.jpg 1707w\" sizes=\"(max-width: 683px) 100vw, 683px\" \/><\/figure>\n\n\n\n<figure class=\"wp-block-image size-large\"><img loading=\"lazy\" decoding=\"async\" width=\"1024\" height=\"683\" data-id=\"3722\" src=\"https:\/\/caeremonialeromanum.com\/wp-content\/uploads\/2025\/06\/Caeremoniale-SRE-12-1024x683.jpg\" alt=\"\" class=\"wp-image-3722\" srcset=\"https:\/\/caeremonialeromanum.com\/wp-content\/uploads\/2025\/06\/Caeremoniale-SRE-12-1024x683.jpg 1024w, https:\/\/caeremonialeromanum.com\/wp-content\/uploads\/2025\/06\/Caeremoniale-SRE-12-300x200.jpg 300w\" sizes=\"(max-width: 1024px) 100vw, 1024px\" \/><\/figure>\n\n\n\n<figure class=\"wp-block-image size-large\"><img loading=\"lazy\" decoding=\"async\" width=\"1707\" height=\"2560\" data-id=\"3723\" src=\"https:\/\/caeremonialeromanum.com\/wp-content\/uploads\/2025\/06\/Caeremoniale-SRE-14-scaled.jpg\" alt=\"\" class=\"wp-image-3723\" srcset=\"https:\/\/caeremonialeromanum.com\/wp-content\/uploads\/2025\/06\/Caeremoniale-SRE-14-scaled.jpg 1707w, https:\/\/caeremonialeromanum.com\/wp-content\/uploads\/2025\/06\/Caeremoniale-SRE-14-200x300.jpg 200w\" sizes=\"(max-width: 1707px) 100vw, 1707px\" \/><\/figure>\n\n\n\n<figure class=\"wp-block-image size-large\"><img loading=\"lazy\" decoding=\"async\" width=\"1024\" height=\"683\" data-id=\"3745\" src=\"https:\/\/caeremonialeromanum.com\/wp-content\/uploads\/2025\/06\/Caeremoniale-SRE-2-1024x683.jpg\" alt=\"\" class=\"wp-image-3745\" srcset=\"https:\/\/caeremonialeromanum.com\/wp-content\/uploads\/2025\/06\/Caeremoniale-SRE-2-1024x683.jpg 1024w, https:\/\/caeremonialeromanum.com\/wp-content\/uploads\/2025\/06\/Caeremoniale-SRE-2-300x200.jpg 300w, https:\/\/caeremonialeromanum.com\/wp-content\/uploads\/2025\/06\/Caeremoniale-SRE-2-768x512.jpg 768w\" sizes=\"(max-width: 1024px) 100vw, 1024px\" \/><\/figure>\n\n\n\n<figure class=\"wp-block-image size-large\"><img loading=\"lazy\" decoding=\"async\" width=\"1024\" height=\"683\" data-id=\"3742\" src=\"https:\/\/caeremonialeromanum.com\/wp-content\/uploads\/2025\/06\/Caeremoniale-SRE-26-1024x683.jpg\" alt=\"\" class=\"wp-image-3742\" srcset=\"https:\/\/caeremonialeromanum.com\/wp-content\/uploads\/2025\/06\/Caeremoniale-SRE-26-1024x683.jpg 1024w, https:\/\/caeremonialeromanum.com\/wp-content\/uploads\/2025\/06\/Caeremoniale-SRE-26-300x200.jpg 300w, https:\/\/caeremonialeromanum.com\/wp-content\/uploads\/2025\/06\/Caeremoniale-SRE-26-768x512.jpg 768w, https:\/\/caeremonialeromanum.com\/wp-content\/uploads\/2025\/06\/Caeremoniale-SRE-26-1536x1024.jpg 1536w, https:\/\/caeremonialeromanum.com\/wp-content\/uploads\/2025\/06\/Caeremoniale-SRE-26-2048x1365.jpg 2048w, https:\/\/caeremonialeromanum.com\/wp-content\/uploads\/2025\/06\/Caeremoniale-SRE-26-18x12.jpg 18w\" sizes=\"(max-width: 1024px) 100vw, 1024px\" \/><\/figure>\n\n\n\n<figure class=\"wp-block-image size-large\"><img loading=\"lazy\" decoding=\"async\" width=\"1024\" height=\"683\" data-id=\"3738\" src=\"https:\/\/caeremonialeromanum.com\/wp-content\/uploads\/2025\/06\/Caeremoniale-SRE-22-1024x683.jpg\" alt=\"\" class=\"wp-image-3738\" srcset=\"https:\/\/caeremonialeromanum.com\/wp-content\/uploads\/2025\/06\/Caeremoniale-SRE-22-1024x683.jpg 1024w, https:\/\/caeremonialeromanum.com\/wp-content\/uploads\/2025\/06\/Caeremoniale-SRE-22-300x200.jpg 300w, https:\/\/caeremonialeromanum.com\/wp-content\/uploads\/2025\/06\/Caeremoniale-SRE-22-768x512.jpg 768w, https:\/\/caeremonialeromanum.com\/wp-content\/uploads\/2025\/06\/Caeremoniale-SRE-22-1536x1024.jpg 1536w, https:\/\/caeremonialeromanum.com\/wp-content\/uploads\/2025\/06\/Caeremoniale-SRE-22-2048x1365.jpg 2048w, https:\/\/caeremonialeromanum.com\/wp-content\/uploads\/2025\/06\/Caeremoniale-SRE-22-18x12.jpg 18w\" sizes=\"(max-width: 1024px) 100vw, 1024px\" \/><\/figure>\n\n\n\n<figure class=\"wp-block-image size-large\"><img decoding=\"async\" data-id=\"3735\" src=\"https:\/\/caeremonialeromanum.com\/wp-content\/uploads\/2025\/06\/Caeremoniale-SRE-25.jpg\" alt=\"\" class=\"wp-image-3735\"\/><\/figure>\n\n\n\n<figure class=\"wp-block-image size-large\"><img decoding=\"async\" data-id=\"3734\" src=\"https:\/\/caeremonialeromanum.com\/wp-content\/uploads\/2025\/06\/Caeremoniale-SRE-6.jpg\" alt=\"\" class=\"wp-image-3734\"\/><\/figure>\n\n\n\n<figure class=\"wp-block-image size-large\"><img loading=\"lazy\" decoding=\"async\" width=\"2560\" height=\"1707\" data-id=\"3737\" src=\"https:\/\/caeremonialeromanum.com\/wp-content\/uploads\/2025\/06\/Caeremoniale-SRE-5-scaled.jpg\" alt=\"\" class=\"wp-image-3737\" srcset=\"https:\/\/caeremonialeromanum.com\/wp-content\/uploads\/2025\/06\/Caeremoniale-SRE-5-scaled.jpg 2560w, https:\/\/caeremonialeromanum.com\/wp-content\/uploads\/2025\/06\/Caeremoniale-SRE-5-300x200.jpg 300w\" sizes=\"(max-width: 2560px) 100vw, 2560px\" \/><\/figure>\n\n\n\n<figure class=\"wp-block-image size-large\"><img loading=\"lazy\" decoding=\"async\" width=\"1024\" height=\"683\" data-id=\"3744\" src=\"https:\/\/caeremonialeromanum.com\/wp-content\/uploads\/2025\/06\/Caeremoniale-SRE-21-1024x683.jpg\" alt=\"\" class=\"wp-image-3744\" srcset=\"https:\/\/caeremonialeromanum.com\/wp-content\/uploads\/2025\/06\/Caeremoniale-SRE-21-1024x683.jpg 1024w, https:\/\/caeremonialeromanum.com\/wp-content\/uploads\/2025\/06\/Caeremoniale-SRE-21-300x200.jpg 300w, https:\/\/caeremonialeromanum.com\/wp-content\/uploads\/2025\/06\/Caeremoniale-SRE-21-768x512.jpg 768w, https:\/\/caeremonialeromanum.com\/wp-content\/uploads\/2025\/06\/Caeremoniale-SRE-21-1536x1024.jpg 1536w, https:\/\/caeremonialeromanum.com\/wp-content\/uploads\/2025\/06\/Caeremoniale-SRE-21-2048x1365.jpg 2048w, https:\/\/caeremonialeromanum.com\/wp-content\/uploads\/2025\/06\/Caeremoniale-SRE-21-18x12.jpg 18w\" sizes=\"(max-width: 1024px) 100vw, 1024px\" \/><\/figure>\n\n\n\n<figure class=\"wp-block-image size-large\"><img decoding=\"async\" data-id=\"3728\" src=\"https:\/\/caeremonialeromanum.com\/wp-content\/uploads\/2025\/06\/Caeremoniale-SRE-19.jpg\" alt=\"\" class=\"wp-image-3728\"\/><\/figure>\n\n\n\n<figure class=\"wp-block-image size-large\"><img loading=\"lazy\" decoding=\"async\" width=\"1024\" height=\"683\" data-id=\"3740\" src=\"https:\/\/caeremonialeromanum.com\/wp-content\/uploads\/2025\/06\/Caeremoniale-SRE-4-1024x683.jpg\" alt=\"\" class=\"wp-image-3740\" srcset=\"https:\/\/caeremonialeromanum.com\/wp-content\/uploads\/2025\/06\/Caeremoniale-SRE-4-1024x683.jpg 1024w, https:\/\/caeremonialeromanum.com\/wp-content\/uploads\/2025\/06\/Caeremoniale-SRE-4-300x200.jpg 300w, https:\/\/caeremonialeromanum.com\/wp-content\/uploads\/2025\/06\/Caeremoniale-SRE-4-768x512.jpg 768w, https:\/\/caeremonialeromanum.com\/wp-content\/uploads\/2025\/06\/Caeremoniale-SRE-4-1536x1024.jpg 1536w, https:\/\/caeremonialeromanum.com\/wp-content\/uploads\/2025\/06\/Caeremoniale-SRE-4-2048x1365.jpg 2048w, https:\/\/caeremonialeromanum.com\/wp-content\/uploads\/2025\/06\/Caeremoniale-SRE-4-18x12.jpg 18w\" sizes=\"(max-width: 1024px) 100vw, 1024px\" \/><\/figure>\n\n\n\n<figure class=\"wp-block-image size-large\"><img decoding=\"async\" data-id=\"3731\" src=\"https:\/\/caeremonialeromanum.com\/wp-content\/uploads\/2025\/06\/Caeremoniale-SRE-27.jpg\" alt=\"\" class=\"wp-image-3731\"\/><\/figure>\n\n\n\n<figure class=\"wp-block-image size-large\"><img loading=\"lazy\" decoding=\"async\" width=\"1024\" height=\"683\" data-id=\"3739\" src=\"https:\/\/caeremonialeromanum.com\/wp-content\/uploads\/2025\/06\/Caeremoniale-SRE-23-1024x683.jpg\" alt=\"\" class=\"wp-image-3739\" srcset=\"https:\/\/caeremonialeromanum.com\/wp-content\/uploads\/2025\/06\/Caeremoniale-SRE-23-1024x683.jpg 1024w, https:\/\/caeremonialeromanum.com\/wp-content\/uploads\/2025\/06\/Caeremoniale-SRE-23-300x200.jpg 300w, https:\/\/caeremonialeromanum.com\/wp-content\/uploads\/2025\/06\/Caeremoniale-SRE-23-768x512.jpg 768w\" sizes=\"(max-width: 1024px) 100vw, 1024px\" \/><\/figure>\n\n\n\n<figure class=\"wp-block-image size-large\"><img loading=\"lazy\" decoding=\"async\" width=\"2560\" height=\"1707\" data-id=\"3725\" src=\"https:\/\/caeremonialeromanum.com\/wp-content\/uploads\/2025\/06\/Caeremoniale-SRE-15-scaled.jpg\" alt=\"\" class=\"wp-image-3725\" srcset=\"https:\/\/caeremonialeromanum.com\/wp-content\/uploads\/2025\/06\/Caeremoniale-SRE-15-scaled.jpg 2560w, https:\/\/caeremonialeromanum.com\/wp-content\/uploads\/2025\/06\/Caeremoniale-SRE-15-300x200.jpg 300w\" sizes=\"(max-width: 2560px) 100vw, 2560px\" \/><\/figure>\n\n\n\n<figure class=\"wp-block-image size-large\"><img decoding=\"async\" data-id=\"3736\" src=\"https:\/\/caeremonialeromanum.com\/wp-content\/uploads\/2025\/06\/Caeremoniale-SRE-16.jpg\" alt=\"\" class=\"wp-image-3736\"\/><\/figure>\n\n\n\n<figure class=\"wp-block-image size-large\"><img loading=\"lazy\" decoding=\"async\" width=\"1024\" height=\"683\" data-id=\"3747\" src=\"https:\/\/caeremonialeromanum.com\/wp-content\/uploads\/2025\/06\/Caeremoniale-SRE-7-1024x683.jpg\" alt=\"\" class=\"wp-image-3747\" srcset=\"https:\/\/caeremonialeromanum.com\/wp-content\/uploads\/2025\/06\/Caeremoniale-SRE-7-1024x683.jpg 1024w, https:\/\/caeremonialeromanum.com\/wp-content\/uploads\/2025\/06\/Caeremoniale-SRE-7-300x200.jpg 300w, https:\/\/caeremonialeromanum.com\/wp-content\/uploads\/2025\/06\/Caeremoniale-SRE-7-768x512.jpg 768w, https:\/\/caeremonialeromanum.com\/wp-content\/uploads\/2025\/06\/Caeremoniale-SRE-7-1536x1024.jpg 1536w, https:\/\/caeremonialeromanum.com\/wp-content\/uploads\/2025\/06\/Caeremoniale-SRE-7-2048x1365.jpg 2048w, https:\/\/caeremonialeromanum.com\/wp-content\/uploads\/2025\/06\/Caeremoniale-SRE-7-18x12.jpg 18w\" sizes=\"(max-width: 1024px) 100vw, 1024px\" \/><\/figure>\n\n\n\n<figure class=\"wp-block-image size-large\"><img loading=\"lazy\" decoding=\"async\" width=\"2560\" height=\"1707\" data-id=\"3741\" src=\"https:\/\/caeremonialeromanum.com\/wp-content\/uploads\/2025\/06\/Caeremoniale-SRE-17-scaled.jpg\" alt=\"\" class=\"wp-image-3741\" srcset=\"https:\/\/caeremonialeromanum.com\/wp-content\/uploads\/2025\/06\/Caeremoniale-SRE-17-scaled.jpg 2560w, https:\/\/caeremonialeromanum.com\/wp-content\/uploads\/2025\/06\/Caeremoniale-SRE-17-300x200.jpg 300w\" sizes=\"(max-width: 2560px) 100vw, 2560px\" \/><\/figure>\n\n\n\n<figure class=\"wp-block-image size-large\"><img loading=\"lazy\" decoding=\"async\" width=\"1707\" height=\"2560\" data-id=\"3730\" src=\"https:\/\/caeremonialeromanum.com\/wp-content\/uploads\/2025\/06\/Caeremoniale-SRE-11-scaled.jpg\" alt=\"\" class=\"wp-image-3730\" srcset=\"https:\/\/caeremonialeromanum.com\/wp-content\/uploads\/2025\/06\/Caeremoniale-SRE-11-scaled.jpg 1707w, https:\/\/caeremonialeromanum.com\/wp-content\/uploads\/2025\/06\/Caeremoniale-SRE-11-200x300.jpg 200w\" sizes=\"(max-width: 1707px) 100vw, 1707px\" \/><\/figure>\n\n\n\n<figure class=\"wp-block-image size-large\"><img loading=\"lazy\" decoding=\"async\" width=\"1024\" height=\"683\" data-id=\"3746\" src=\"https:\/\/caeremonialeromanum.com\/wp-content\/uploads\/2025\/06\/Caeremoniale-SRE-8-1024x683.jpg\" alt=\"\" class=\"wp-image-3746\" srcset=\"https:\/\/caeremonialeromanum.com\/wp-content\/uploads\/2025\/06\/Caeremoniale-SRE-8-1024x683.jpg 1024w, https:\/\/caeremonialeromanum.com\/wp-content\/uploads\/2025\/06\/Caeremoniale-SRE-8-300x200.jpg 300w, https:\/\/caeremonialeromanum.com\/wp-content\/uploads\/2025\/06\/Caeremoniale-SRE-8-768x512.jpg 768w\" sizes=\"(max-width: 1024px) 100vw, 1024px\" \/><\/figure>\n\n\n\n<figure class=\"wp-block-image size-large\"><img loading=\"lazy\" decoding=\"async\" width=\"1024\" height=\"683\" data-id=\"3743\" src=\"https:\/\/caeremonialeromanum.com\/wp-content\/uploads\/2025\/06\/Caeremoniale-SRE-10-1024x683.jpg\" alt=\"\" class=\"wp-image-3743\" srcset=\"https:\/\/caeremonialeromanum.com\/wp-content\/uploads\/2025\/06\/Caeremoniale-SRE-10-1024x683.jpg 1024w, https:\/\/caeremonialeromanum.com\/wp-content\/uploads\/2025\/06\/Caeremoniale-SRE-10-300x200.jpg 300w, https:\/\/caeremonialeromanum.com\/wp-content\/uploads\/2025\/06\/Caeremoniale-SRE-10-768x512.jpg 768w, https:\/\/caeremonialeromanum.com\/wp-content\/uploads\/2025\/06\/Caeremoniale-SRE-10-1536x1024.jpg 1536w, https:\/\/caeremonialeromanum.com\/wp-content\/uploads\/2025\/06\/Caeremoniale-SRE-10-2048x1365.jpg 2048w, https:\/\/caeremonialeromanum.com\/wp-content\/uploads\/2025\/06\/Caeremoniale-SRE-10-18x12.jpg 18w\" sizes=\"(max-width: 1024px) 100vw, 1024px\" \/><\/figure>\n<\/figure>\n\n\n<div class=\"wp-block-image\">\n<figure class=\"aligncenter size-medium\"><img loading=\"lazy\" decoding=\"async\" width=\"300\" height=\"83\" src=\"https:\/\/caeremonialeromanum.com\/wp-content\/uploads\/2025\/04\/tiara_kapelusze_bez_tla-300x83.png\" alt=\"\" class=\"wp-image-2971\" srcset=\"https:\/\/caeremonialeromanum.com\/wp-content\/uploads\/2025\/04\/tiara_kapelusze_bez_tla-300x83.png 300w, https:\/\/caeremonialeromanum.com\/wp-content\/uploads\/2025\/04\/tiara_kapelusze_bez_tla-1024x283.png 1024w, https:\/\/caeremonialeromanum.com\/wp-content\/uploads\/2025\/04\/tiara_kapelusze_bez_tla-768x212.png 768w, https:\/\/caeremonialeromanum.com\/wp-content\/uploads\/2025\/04\/tiara_kapelusze_bez_tla-1536x425.png 1536w, https:\/\/caeremonialeromanum.com\/wp-content\/uploads\/2025\/04\/tiara_kapelusze_bez_tla-2048x566.png 2048w, https:\/\/caeremonialeromanum.com\/wp-content\/uploads\/2025\/04\/tiara_kapelusze_bez_tla-18x5.png 18w\" sizes=\"(max-width: 300px) 100vw, 300px\" \/><\/figure><\/div>\n\n\n<div data-wp-interactive=\"core\/file\" class=\"wp-block-file aligncenter\"><object data-wp-bind--hidden=\"!state.hasPdfPreview\" hidden class=\"wp-block-file__embed\" data=\"https:\/\/caeremonialeromanum.com\/wp-content\/uploads\/2025\/06\/Caeremoniale-Sanctae-Romanae-Ecclesiae-1516.pdf\" type=\"application\/pdf\" style=\"width:100%;height:600px\" aria-label=\"Embed of Caeremoniale Sanctae Romanae Ecclesiae [1516].\"><\/object><a id=\"wp-block-file--media-f420189f-072f-4ed3-9bec-b68289dc7fb4\" href=\"https:\/\/caeremonialeromanum.com\/wp-content\/uploads\/2025\/06\/Caeremoniale-Sanctae-Romanae-Ecclesiae-1516.pdf\">Caeremoniale Sanctae Romanae Ecclesiae [1516]<\/a><a href=\"https:\/\/caeremonialeromanum.com\/wp-content\/uploads\/2025\/06\/Caeremoniale-Sanctae-Romanae-Ecclesiae-1516.pdf\" class=\"wp-block-file__button wp-element-button\" download aria-describedby=\"wp-block-file--media-f420189f-072f-4ed3-9bec-b68289dc7fb4\">Download<\/a><\/div>","protected":false},"excerpt":{"rendered":"","protected":false},"author":2,"featured_media":0,"parent":0,"menu_order":0,"comment_status":"closed","ping_status":"closed","template":"","meta":{"footnotes":""},"class_list":["post-3708","page","type-page","status-publish","czr-hentry"],"_links":{"self":[{"href":"https:\/\/caeremonialeromanum.com\/en\/wp-json\/wp\/v2\/pages\/3708","targetHints":{"allow":["GET"]}}],"collection":[{"href":"https:\/\/caeremonialeromanum.com\/en\/wp-json\/wp\/v2\/pages"}],"about":[{"href":"https:\/\/caeremonialeromanum.com\/en\/wp-json\/wp\/v2\/types\/page"}],"author":[{"embeddable":true,"href":"https:\/\/caeremonialeromanum.com\/en\/wp-json\/wp\/v2\/users\/2"}],"replies":[{"embeddable":true,"href":"https:\/\/caeremonialeromanum.com\/en\/wp-json\/wp\/v2\/comments?post=3708"}],"version-history":[{"count":0,"href":"https:\/\/caeremonialeromanum.com\/en\/wp-json\/wp\/v2\/pages\/3708\/revisions"}],"wp:attachment":[{"href":"https:\/\/caeremonialeromanum.com\/en\/wp-json\/wp\/v2\/media?parent=3708"}],"curies":[{"name":"wp","href":"https:\/\/api.w.org\/{rel}","templated":true}]}}